{"id":1646,"date":"2021-12-22T15:19:25","date_gmt":"2021-12-22T14:19:25","guid":{"rendered":"https:\/\/soniabeal.fr\/?page_id=1646"},"modified":"2025-10-06T13:48:33","modified_gmt":"2025-10-06T11:48:33","slug":"politiques-de-confidentialite","status":"publish","type":"page","link":"https:\/\/beal-sonia.fr\/?page_id=1646","title":{"rendered":"Politiques de confidentialit\u00e9"},"content":{"rendered":"\t\t<div data-elementor-type=\"wp-page\" data-elementor-id=\"1646\" class=\"elementor elementor-1646\" data-elementor-post-type=\"page\">\n\t\t\t\t\t\t<section class=\"elementor-section elementor-top-section elementor-element elementor-element-847d501 elementor-section-boxed elementor-section-height-default elementor-section-height-default\" data-id=\"847d501\" data-element_type=\"section\">\n\t\t\t\t\t\t<div class=\"elementor-container elementor-column-gap-default\">\n\t\t\t\t\t<div class=\"elementor-column elementor-col-100 elementor-top-column elementor-element elementor-element-7a1a991\" data-id=\"7a1a991\" data-element_type=\"column\">\n\t\t\t<div class=\"elementor-widget-wrap elementor-element-populated\">\n\t\t\t\t\t\t<div class=\"elementor-element elementor-element-bfd4388 elementor-widget elementor-widget-spacer\" data-id=\"bfd4388\" data-element_type=\"widget\" data-widget_type=\"spacer.default\">\n\t\t\t\t<div class=\"elementor-widget-container\">\n\t\t\t\t\t\t\t<div class=\"elementor-spacer\">\n\t\t\t<div class=\"elementor-spacer-inner\"><\/div>\n\t\t<\/div>\n\t\t\t\t\t\t<\/div>\n\t\t\t\t<\/div>\n\t\t\t\t\t<\/div>\n\t\t<\/div>\n\t\t\t\t\t<\/div>\n\t\t<\/section>\n\t\t\t\t<section class=\"elementor-section elementor-top-section elementor-element elementor-element-43a58c1 elementor-section-boxed elementor-section-height-default elementor-section-height-default\" data-id=\"43a58c1\" data-element_type=\"section\">\n\t\t\t\t\t\t<div class=\"elementor-container elementor-column-gap-default\">\n\t\t\t\t\t<div class=\"elementor-column elementor-col-100 elementor-top-column elementor-element elementor-element-c805b0f\" data-id=\"c805b0f\" data-element_type=\"column\">\n\t\t\t<div class=\"elementor-widget-wrap elementor-element-populated\">\n\t\t\t\t\t\t<div class=\"elementor-element elementor-element-857a7a1 elementor-widget elementor-widget-heading\" data-id=\"857a7a1\" data-element_type=\"widget\" data-widget_type=\"heading.default\">\n\t\t\t\t<div class=\"elementor-widget-container\">\n\t\t\t\t\t<h1 class=\"elementor-heading-title elementor-size-default\">Politiques de confidentialit\u00e9 <\/h1>\t\t\t\t<\/div>\n\t\t\t\t<\/div>\n\t\t\t\t\t<\/div>\n\t\t<\/div>\n\t\t\t\t\t<\/div>\n\t\t<\/section>\n\t\t\t\t<section class=\"elementor-section elementor-top-section elementor-element elementor-element-9581a8f elementor-section-boxed elementor-section-height-default elementor-section-height-default\" data-id=\"9581a8f\" data-element_type=\"section\" data-settings=\"{&quot;background_background&quot;:&quot;classic&quot;}\">\n\t\t\t\t\t\t<div class=\"elementor-container elementor-column-gap-default\">\n\t\t\t\t\t<div class=\"elementor-column elementor-col-100 elementor-top-column elementor-element elementor-element-b5e7b4d\" data-id=\"b5e7b4d\" data-element_type=\"column\">\n\t\t\t<div class=\"elementor-widget-wrap elementor-element-populated\">\n\t\t\t\t\t\t<div class=\"elementor-element elementor-element-a3050c4 elementor-widget elementor-widget-spacer\" data-id=\"a3050c4\" data-element_type=\"widget\" data-widget_type=\"spacer.default\">\n\t\t\t\t<div class=\"elementor-widget-container\">\n\t\t\t\t\t\t\t<div class=\"elementor-spacer\">\n\t\t\t<div class=\"elementor-spacer-inner\"><\/div>\n\t\t<\/div>\n\t\t\t\t\t\t<\/div>\n\t\t\t\t<\/div>\n\t\t\t\t<div class=\"elementor-element elementor-element-4bd68f8 elementor-widget elementor-widget-text-editor\" data-id=\"4bd68f8\" data-element_type=\"widget\" data-widget_type=\"text-editor.default\">\n\t\t\t\t<div class=\"elementor-widget-container\">\n\t\t\t\t\t\t\t\t\t<p>Nous avons adopt\u00e9 cette politique de confidentialit\u00e9, qui d\u00e9termine la mani\u00e8re dont nous traitons les informations collect\u00e9es par lolavivier.com, qui fournit \u00e9galement les raisons pour lesquelles nous devons collecter certaines donn\u00e9es personnelles vous concernant. Par cons\u00e9quent, vous devez lire cette politique de confidentialit\u00e9 avant d\u2019utiliser le site web de <a href=\"https:\/\/beal-sonia.fr\/\">beal-sonia.fr<\/a><\/p><p>Le site web <a href=\"https:\/\/beal-sonia.fr\/\">beal-sonia.fr\/<\/a> est d\u00e9tenu par Sonia Beal, qui est un contr\u00f4leur de donn\u00e9es de vos donn\u00e9es personnelles.<\/p><p>Nous prenons soin de vos donn\u00e9es personnelles et nous nous engageons \u00e0 en garantir la confidentialit\u00e9 et la s\u00e9curit\u00e9.<\/p><h2>Les informations personnelles que nous collectons :<\/h2><p>Lorsque vous visitez le <a href=\"https:\/\/beal-sonia.fr\/\">beal-sonia.fr\/<\/a>\u00a0nous recueillons automatiquement certaines informations sur votre appareil, notamment des informations sur votre navigateur web, votre adresse IP, votre fuseau horaire et certains des cookies install\u00e9s sur votre appareil. En outre, lorsque vous naviguez sur le site, nous recueillons des informations sur les pages web ou les produits individuels que vous consultez, sur les sites web ou les termes de recherche qui vous ont renvoy\u00e9 au site et sur la mani\u00e8re dont vous interagissez avec le site. Nous d\u00e9signons ces informations collect\u00e9es automatiquement par le terme \u00ab informations sur les appareils \u00bb. En outre, nous pourrions collecter les donn\u00e9es personnelles que vous nous fournissez (y compris, mais sans s\u2019y limiter, le nom, le pr\u00e9nom, l\u2019adresse, les informations de paiement, etc.) lors de l\u2019inscription afin de pouvoir ex\u00e9cuter le contrat.<\/p><h2>Pourquoi traitons-nous vos donn\u00e9es ?<\/h2><p>Notre priorit\u00e9 absolue est la s\u00e9curit\u00e9 des donn\u00e9es des clients et, \u00e0 ce titre, nous ne pouvons traiter que des donn\u00e9es minimales sur les utilisateurs, uniquement dans la mesure o\u00f9 cela est absolument n\u00e9cessaire pour maintenir le site web. Les informations collect\u00e9es automatiquement sont utilis\u00e9es uniquement pour identifier les cas potentiels d\u2019abus et \u00e9tablir des informations statistiques concernant l\u2019utilisation du site web. Ces informations statistiques ne sont pas autrement agr\u00e9g\u00e9es de mani\u00e8re \u00e0 identifier un utilisateur particulier du syst\u00e8me.<\/p><p>Vous pouvez visiter le site web sans nous dire qui vous \u00eates ni r\u00e9v\u00e9ler d\u2019informations, par lesquelles quelqu\u2019un pourrait vous identifier comme un individu sp\u00e9cifique et identifiable. Toutefois, si vous souhaitez utiliser certaines fonctionnalit\u00e9s du site web, ou si vous souhaitez recevoir notre lettre d\u2019information ou fournir d\u2019autres d\u00e9tails en remplissant un formulaire, vous pouvez nous fournir des donn\u00e9es personnelles, telles que votre e-mail, votre pr\u00e9nom, votre nom, votre ville de r\u00e9sidence, votre organisation, votre num\u00e9ro de t\u00e9l\u00e9phone. Vous pouvez choisir de ne pas nous fournir vos donn\u00e9es personnelles, mais il se peut alors que vous ne puissiez pas profiter de certaines fonctionnalit\u00e9s du site web. Par exemple, vous ne pourrez pas recevoir notre bulletin d\u2019information ou nous contacter directement \u00e0 partir du site web. Les utilisateurs qui ne savent pas quelles informations sont obligatoires sont invit\u00e9s \u00e0 nous contacter via soniabeal.nat.harmonie@gmail.com.<\/p><h2>Vos droits :<\/h2><p>Si vous \u00eates un r\u00e9sident europ\u00e9en, vous disposez des\u00a0<a href=\"https:\/\/www.cnil.fr\/fr\/les-droits-pour-maitriser-vos-donnees-personnelles\">droits<\/a>\u00a0suivants li\u00e9s \u00e0 vos donn\u00e9es personnelles :<\/p><ul><li>Le droit d\u2019\u00eatre inform\u00e9.<\/li><li>Le droit d\u2019acc\u00e8s.<\/li><li>Le droit de rectification.<\/li><li>Le droit \u00e0 l\u2019effacement.<\/li><li>Le droit de restreindre le traitement.<\/li><li>Le droit \u00e0 la portabilit\u00e9 des donn\u00e9es.<\/li><li>Le droit d\u2019opposition.<\/li><li>Les droits relatifs \u00e0 la prise de d\u00e9cision automatis\u00e9e et au profilage.<\/li><\/ul><p>Si vous souhaitez exercer ce droit, veuillez nous contacter via les coordonn\u00e9es ci-dessous.<\/p><p>En outre, si vous \u00eates un r\u00e9sident europ\u00e9en, nous notons que nous traitons vos informations afin d\u2019ex\u00e9cuter les contrats que nous pourrions avoir avec vous (par exemple, si vous passez une commande par le biais du site), ou autrement pour poursuivre nos int\u00e9r\u00eats commerciaux l\u00e9gitimes \u00e9num\u00e9r\u00e9s ci-dessus. En outre, veuillez noter que vos informations pourraient \u00eatre transf\u00e9r\u00e9es en dehors de l\u2019Europe, y compris au Canada et aux \u00c9tats-Unis.<\/p><h2>Liens vers d\u2019autres sites web :<\/h2><p>Notre site web peut contenir des liens vers d\u2019autres sites web qui ne sont pas d\u00e9tenus ou contr\u00f4l\u00e9s par nous. Sachez que nous ne sommes pas responsables de ces autres sites web ou des pratiques de confidentialit\u00e9 des tiers. Nous vous encourageons \u00e0 \u00eatre attentif lorsque vous quittez notre site web et \u00e0 lire les d\u00e9clarations de confidentialit\u00e9 de chaque site web susceptible de collecter des informations personnelles.<\/p><h2>S\u00e9curit\u00e9 de l\u2019information :<\/h2><p>Nous s\u00e9curisons les informations que vous fournissez sur des serveurs informatiques dans un environnement contr\u00f4l\u00e9 et s\u00e9curis\u00e9, prot\u00e9g\u00e9 contre tout acc\u00e8s, utilisation ou divulgation non autoris\u00e9s. Nous conservons des garanties administratives, techniques et physiques raisonnables pour nous prot\u00e9ger contre tout acc\u00e8s, utilisation, modification et divulgation non autoris\u00e9s des donn\u00e9es personnelles sous son contr\u00f4le et sa garde. Toutefois, aucune transmission de donn\u00e9es sur Internet ou sur un r\u00e9seau sans fil ne peut \u00eatre garantie.<\/p><h2>Divulgation l\u00e9gale :<\/h2><p>Nous divulguerons toute information que nous collectons, utilisons ou recevons si la loi l\u2019exige ou l\u2019autorise, par exemple pour nous conformer \u00e0 une citation \u00e0 compara\u00eetre ou \u00e0 une proc\u00e9dure judiciaire similaire, et lorsque nous pensons de bonne foi que la divulgation est n\u00e9cessaire pour prot\u00e9ger nos droits, votre s\u00e9curit\u00e9 ou celle d\u2019autrui, enqu\u00eater sur une fraude ou r\u00e9pondre \u00e0 une demande du gouvernement.<\/p><h2>Informations de contact :<\/h2><p>Si vous souhaitez nous contacter pour comprendre davantage la pr\u00e9sente politique ou si vous souhaitez nous contacter concernant toute question relative aux droits individuels et \u00e0 vos informations personnelles, vous pouvez envoyer un e-mail \u00e0 <strong>soniabeal.nat.harmonie@gmail.com<\/strong>.<\/p>\t\t\t\t\t\t\t\t<\/div>\n\t\t\t\t<\/div>\n\t\t\t\t<div class=\"elementor-element elementor-element-5e4e2e2 elementor-widget elementor-widget-spacer\" data-id=\"5e4e2e2\" data-element_type=\"widget\" data-widget_type=\"spacer.default\">\n\t\t\t\t<div class=\"elementor-widget-container\">\n\t\t\t\t\t\t\t<div class=\"elementor-spacer\">\n\t\t\t<div class=\"elementor-spacer-inner\"><\/div>\n\t\t<\/div>\n\t\t\t\t\t\t<\/div>\n\t\t\t\t<\/div>\n\t\t\t\t\t<\/div>\n\t\t<\/div>\n\t\t\t\t\t<\/div>\n\t\t<\/section>\n\t\t\t\t<section class=\"elementor-section elementor-top-section elementor-element elementor-element-c1a9313 elementor-section-boxed elementor-section-height-default elementor-section-height-default\" data-id=\"c1a9313\" data-element_type=\"section\">\n\t\t\t\t\t\t<div class=\"elementor-container elementor-column-gap-default\">\n\t\t\t\t\t<div class=\"elementor-column elementor-col-100 elementor-top-column elementor-element elementor-element-ca48946\" data-id=\"ca48946\" data-element_type=\"column\">\n\t\t\t<div class=\"elementor-widget-wrap\">\n\t\t\t\t\t\t\t<\/div>\n\t\t<\/div>\n\t\t\t\t\t<\/div>\n\t\t<\/section>\n\t\t\t\t<\/div>\n\t\t","protected":false},"excerpt":{"rendered":"<p>Politiques de confidentialit\u00e9 Nous avons adopt\u00e9 cette politique de confidentialit\u00e9, qui d\u00e9termine la mani\u00e8re dont nous traitons les informations collect\u00e9es par lolavivier.com, qui fournit \u00e9galement les raisons pour lesquelles nous devons collecter certaines donn\u00e9es personnelles vous concernant. Par cons\u00e9quent, vous devez lire cette politique de confidentialit\u00e9 avant d\u2019utiliser le site web de beal-sonia.fr Le site [&hellip;]<\/p>\n","protected":false},"author":1,"featured_media":0,"parent":0,"menu_order":0,"comment_status":"closed","ping_status":"closed","template":"","meta":{"footnotes":""},"class_list":["post-1646","page","type-page","status-publish","hentry"],"yoast_head":"<!-- This site is optimized with the Yoast SEO plugin v26.0 - https:\/\/yoast.com\/wordpress\/plugins\/seo\/ -->\n<title>Politiques de confidentialit\u00e9 -<\/title>\n<meta name=\"robots\" content=\"index, follow, max-snippet:-1, max-image-preview:large, max-video-preview:-1\" \/>\n<link rel=\"canonical\" href=\"https:\/\/beal-sonia.fr\/?page_id=1646\" \/>\n<meta property=\"og:locale\" content=\"fr_FR\" \/>\n<meta property=\"og:type\" content=\"article\" \/>\n<meta property=\"og:title\" content=\"Politiques de confidentialit\u00e9 -\" \/>\n<meta property=\"og:description\" content=\"Politiques de confidentialit\u00e9 Nous avons adopt\u00e9 cette politique de confidentialit\u00e9, qui d\u00e9termine la mani\u00e8re dont nous traitons les informations collect\u00e9es par lolavivier.com, qui fournit \u00e9galement les raisons pour lesquelles nous devons collecter certaines donn\u00e9es personnelles vous concernant. Par cons\u00e9quent, vous devez lire cette politique de confidentialit\u00e9 avant d\u2019utiliser le site web de beal-sonia.fr Le site [&hellip;]\" \/>\n<meta property=\"og:url\" content=\"https:\/\/beal-sonia.fr\/?page_id=1646\" \/>\n<meta property=\"article:modified_time\" content=\"2025-10-06T11:48:33+00:00\" \/>\n<meta name=\"twitter:card\" content=\"summary_large_image\" \/>\n<meta name=\"twitter:label1\" content=\"Dur\u00e9e de lecture estim\u00e9e\" \/>\n\t<meta name=\"twitter:data1\" content=\"5 minutes\" \/>\n<script type=\"application\/ld+json\" class=\"yoast-schema-graph\">{\"@context\":\"https:\/\/schema.org\",\"@graph\":[{\"@type\":\"WebPage\",\"@id\":\"https:\/\/beal-sonia.fr\/?page_id=1646\",\"url\":\"https:\/\/beal-sonia.fr\/?page_id=1646\",\"name\":\"Politiques de confidentialit\u00e9 -\",\"isPartOf\":{\"@id\":\"https:\/\/beal-sonia.fr\/#website\"},\"datePublished\":\"2021-12-22T14:19:25+00:00\",\"dateModified\":\"2025-10-06T11:48:33+00:00\",\"inLanguage\":\"fr-FR\",\"potentialAction\":[{\"@type\":\"ReadAction\",\"target\":[\"https:\/\/beal-sonia.fr\/?page_id=1646\"]}]},{\"@type\":\"WebSite\",\"@id\":\"https:\/\/beal-sonia.fr\/#website\",\"url\":\"https:\/\/beal-sonia.fr\/\",\"name\":\"\",\"description\":\"Naturopathe \u00e0 Monsitrol-sur-Loire\",\"potentialAction\":[{\"@type\":\"SearchAction\",\"target\":{\"@type\":\"EntryPoint\",\"urlTemplate\":\"https:\/\/beal-sonia.fr\/?s={search_term_string}\"},\"query-input\":{\"@type\":\"PropertyValueSpecification\",\"valueRequired\":true,\"valueName\":\"search_term_string\"}}],\"inLanguage\":\"fr-FR\"}]}<\/script>\n<!-- \/ Yoast SEO plugin. -->","yoast_head_json":{"title":"Politiques de confidentialit\u00e9 -","robots":{"index":"index","follow":"follow","max-snippet":"max-snippet:-1","max-image-preview":"max-image-preview:large","max-video-preview":"max-video-preview:-1"},"canonical":"https:\/\/beal-sonia.fr\/?page_id=1646","og_locale":"fr_FR","og_type":"article","og_title":"Politiques de confidentialit\u00e9 -","og_description":"Politiques de confidentialit\u00e9 Nous avons adopt\u00e9 cette politique de confidentialit\u00e9, qui d\u00e9termine la mani\u00e8re dont nous traitons les informations collect\u00e9es par lolavivier.com, qui fournit \u00e9galement les raisons pour lesquelles nous devons collecter certaines donn\u00e9es personnelles vous concernant. Par cons\u00e9quent, vous devez lire cette politique de confidentialit\u00e9 avant d\u2019utiliser le site web de beal-sonia.fr Le site [&hellip;]","og_url":"https:\/\/beal-sonia.fr\/?page_id=1646","article_modified_time":"2025-10-06T11:48:33+00:00","twitter_card":"summary_large_image","twitter_misc":{"Dur\u00e9e de lecture estim\u00e9e":"5 minutes"},"schema":{"@context":"https:\/\/schema.org","@graph":[{"@type":"WebPage","@id":"https:\/\/beal-sonia.fr\/?page_id=1646","url":"https:\/\/beal-sonia.fr\/?page_id=1646","name":"Politiques de confidentialit\u00e9 -","isPartOf":{"@id":"https:\/\/beal-sonia.fr\/#website"},"datePublished":"2021-12-22T14:19:25+00:00","dateModified":"2025-10-06T11:48:33+00:00","inLanguage":"fr-FR","potentialAction":[{"@type":"ReadAction","target":["https:\/\/beal-sonia.fr\/?page_id=1646"]}]},{"@type":"WebSite","@id":"https:\/\/beal-sonia.fr\/#website","url":"https:\/\/beal-sonia.fr\/","name":"","description":"Naturopathe \u00e0 Monsitrol-sur-Loire","potentialAction":[{"@type":"SearchAction","target":{"@type":"EntryPoint","urlTemplate":"https:\/\/beal-sonia.fr\/?s={search_term_string}"},"query-input":{"@type":"PropertyValueSpecification","valueRequired":true,"valueName":"search_term_string"}}],"inLanguage":"fr-FR"}]}},"_links":{"self":[{"href":"https:\/\/beal-sonia.fr\/index.php?rest_route=\/wp\/v2\/pages\/1646","targetHints":{"allow":["GET"]}}],"collection":[{"href":"https:\/\/beal-sonia.fr\/index.php?rest_route=\/wp\/v2\/pages"}],"about":[{"href":"https:\/\/beal-sonia.fr\/index.php?rest_route=\/wp\/v2\/types\/page"}],"author":[{"embeddable":true,"href":"https:\/\/beal-sonia.fr\/index.php?rest_route=\/wp\/v2\/users\/1"}],"replies":[{"embeddable":true,"href":"https:\/\/beal-sonia.fr\/index.php?rest_route=%2Fwp%2Fv2%2Fcomments&post=1646"}],"version-history":[{"count":7,"href":"https:\/\/beal-sonia.fr\/index.php?rest_route=\/wp\/v2\/pages\/1646\/revisions"}],"predecessor-version":[{"id":2245,"href":"https:\/\/beal-sonia.fr\/index.php?rest_route=\/wp\/v2\/pages\/1646\/revisions\/2245"}],"wp:attachment":[{"href":"https:\/\/beal-sonia.fr\/index.php?rest_route=%2Fwp%2Fv2%2Fmedia&parent=1646"}],"curies":[{"name":"wp","href":"https:\/\/api.w.org\/{rel}","templated":true}]}}