{"id":1707,"date":"2022-01-14T17:39:52","date_gmt":"2022-01-14T16:39:52","guid":{"rendered":"https:\/\/soniabeal.fr\/?page_id=1707"},"modified":"2025-12-14T20:56:58","modified_gmt":"2025-12-14T19:56:58","slug":"autres","status":"publish","type":"page","link":"https:\/\/beal-sonia.fr\/?page_id=1707","title":{"rendered":"Autres"},"content":{"rendered":"\t\t<div data-elementor-type=\"wp-page\" data-elementor-id=\"1707\" class=\"elementor elementor-1707\" data-elementor-post-type=\"page\">\n\t\t\t\t\t\t<section class=\"elementor-section elementor-top-section elementor-element elementor-element-366b5e7 animated-slow elementor-section-boxed elementor-section-height-default elementor-section-height-default elementor-invisible\" data-id=\"366b5e7\" data-element_type=\"section\" data-settings=\"{&quot;background_background&quot;:&quot;classic&quot;,&quot;animation&quot;:&quot;fadeInLeft&quot;}\">\n\t\t\t\t\t\t<div class=\"elementor-container elementor-column-gap-default\">\n\t\t\t\t\t<div class=\"elementor-column elementor-col-50 elementor-top-column elementor-element elementor-element-1966968\" data-id=\"1966968\" data-element_type=\"column\">\n\t\t\t<div class=\"elementor-widget-wrap elementor-element-populated\">\n\t\t\t\t\t\t<div class=\"elementor-element elementor-element-0401b08 elementor-widget elementor-widget-spacer\" data-id=\"0401b08\" data-element_type=\"widget\" data-widget_type=\"spacer.default\">\n\t\t\t\t<div class=\"elementor-widget-container\">\n\t\t\t\t\t\t\t<div class=\"elementor-spacer\">\n\t\t\t<div class=\"elementor-spacer-inner\"><\/div>\n\t\t<\/div>\n\t\t\t\t\t\t<\/div>\n\t\t\t\t<\/div>\n\t\t\t\t<div class=\"elementor-element elementor-element-212e2b5 elementor-widget elementor-widget-image\" data-id=\"212e2b5\" data-element_type=\"widget\" data-widget_type=\"image.default\">\n\t\t\t\t<div class=\"elementor-widget-container\">\n\t\t\t\t\t\t\t\t\t\t\t\t\t\t\t<img fetchpriority=\"high\" decoding=\"async\" width=\"800\" height=\"450\" src=\"https:\/\/beal-sonia.fr\/wp-content\/uploads\/2025\/10\/naturopthie-copie-1024x576.jpg\" class=\"attachment-large size-large wp-image-2284\" alt=\"\" srcset=\"https:\/\/beal-sonia.fr\/wp-content\/uploads\/2025\/10\/naturopthie-copie-1024x576.jpg 1024w, https:\/\/beal-sonia.fr\/wp-content\/uploads\/2025\/10\/naturopthie-copie-300x169.jpg 300w, https:\/\/beal-sonia.fr\/wp-content\/uploads\/2025\/10\/naturopthie-copie-768x432.jpg 768w, https:\/\/beal-sonia.fr\/wp-content\/uploads\/2025\/10\/naturopthie-copie.jpg 1366w\" sizes=\"(max-width: 800px) 100vw, 800px\" \/>\t\t\t\t\t\t\t\t\t\t\t\t\t\t\t<\/div>\n\t\t\t\t<\/div>\n\t\t\t\t\t<\/div>\n\t\t<\/div>\n\t\t\t\t<div class=\"elementor-column elementor-col-50 elementor-top-column elementor-element elementor-element-4f9fb00\" data-id=\"4f9fb00\" data-element_type=\"column\">\n\t\t\t<div class=\"elementor-widget-wrap elementor-element-populated\">\n\t\t\t\t\t\t<div class=\"elementor-element elementor-element-e23745d elementor-widget elementor-widget-spacer\" data-id=\"e23745d\" data-element_type=\"widget\" data-widget_type=\"spacer.default\">\n\t\t\t\t<div class=\"elementor-widget-container\">\n\t\t\t\t\t\t\t<div class=\"elementor-spacer\">\n\t\t\t<div class=\"elementor-spacer-inner\"><\/div>\n\t\t<\/div>\n\t\t\t\t\t\t<\/div>\n\t\t\t\t<\/div>\n\t\t\t\t<div class=\"elementor-element elementor-element-78bed9a elementor-widget elementor-widget-heading\" data-id=\"78bed9a\" data-element_type=\"widget\" data-widget_type=\"heading.default\">\n\t\t\t\t<div class=\"elementor-widget-container\">\n\t\t\t\t\t<h2 class=\"elementor-heading-title elementor-size-default\">Autres<\/h2>\t\t\t\t<\/div>\n\t\t\t\t<\/div>\n\t\t\t\t<div class=\"elementor-element elementor-element-adab8fe elementor-widget elementor-widget-spacer\" data-id=\"adab8fe\" data-element_type=\"widget\" data-widget_type=\"spacer.default\">\n\t\t\t\t<div class=\"elementor-widget-container\">\n\t\t\t\t\t\t\t<div class=\"elementor-spacer\">\n\t\t\t<div class=\"elementor-spacer-inner\"><\/div>\n\t\t<\/div>\n\t\t\t\t\t\t<\/div>\n\t\t\t\t<\/div>\n\t\t\t\t<div class=\"elementor-element elementor-element-9354938 elementor-widget elementor-widget-text-editor\" data-id=\"9354938\" data-element_type=\"widget\" data-widget_type=\"text-editor.default\">\n\t\t\t\t<div class=\"elementor-widget-container\">\n\t\t\t\t\t\t\t\t\t<p><b>Intervention en entreprise ou pharmacie\u00a0: <\/b><span style=\"font-weight: 400;\">demande de devis\u00a0<\/span><\/p><p><b>Bons cadeaux\u00a0: <\/b><span style=\"font-weight: 400;\">Offrez un moment de d\u00e9tente et d\u2019\u00e9vasion<\/span><\/p>\t\t\t\t\t\t\t\t<\/div>\n\t\t\t\t<\/div>\n\t\t\t\t<div class=\"elementor-element elementor-element-a95a318 elementor-mobile-align-center elementor-align-right elementor-widget elementor-widget-button\" data-id=\"a95a318\" data-element_type=\"widget\" data-widget_type=\"button.default\">\n\t\t\t\t<div class=\"elementor-widget-container\">\n\t\t\t\t\t\t\t\t\t<div class=\"elementor-button-wrapper\">\n\t\t\t\t\t<a class=\"elementor-button elementor-button-link elementor-size-xs elementor-animation-shrink\" href=\"https:\/\/beal-sonia.fr\/?page_id=71\">\n\t\t\t\t\t\t<span class=\"elementor-button-content-wrapper\">\n\t\t\t\t\t\t<span class=\"elementor-button-icon\">\n\t\t\t\t<i aria-hidden=\"true\" class=\"icon icon-left-arrows\"><\/i>\t\t\t<\/span>\n\t\t\t\t\t\t\t\t\t<span class=\"elementor-button-text\">Me contacter<\/span>\n\t\t\t\t\t<\/span>\n\t\t\t\t\t<\/a>\n\t\t\t\t<\/div>\n\t\t\t\t\t\t\t\t<\/div>\n\t\t\t\t<\/div>\n\t\t\t\t\t<\/div>\n\t\t<\/div>\n\t\t\t\t\t<\/div>\n\t\t<\/section>\n\t\t\t\t<section class=\"elementor-section elementor-top-section elementor-element elementor-element-4b2f75b animated-slow elementor-section-boxed elementor-section-height-default elementor-section-height-default elementor-invisible\" data-id=\"4b2f75b\" data-element_type=\"section\" data-settings=\"{&quot;background_background&quot;:&quot;classic&quot;,&quot;shape_divider_bottom&quot;:&quot;mountains&quot;,&quot;animation&quot;:&quot;fadeInLeft&quot;}\">\n\t\t\t\t\t<div class=\"elementor-shape elementor-shape-bottom\" aria-hidden=\"true\" data-negative=\"false\">\n\t\t\t<svg xmlns=\"http:\/\/www.w3.org\/2000\/svg\" viewBox=\"0 0 1000 100\" preserveAspectRatio=\"none\">\n\t<path class=\"elementor-shape-fill\" opacity=\"0.33\" d=\"M473,67.3c-203.9,88.3-263.1-34-320.3,0C66,119.1,0,59.7,0,59.7V0h1000v59.7 c0,0-62.1,26.1-94.9,29.3c-32.8,3.3-62.8-12.3-75.8-22.1C806,49.6,745.3,8.7,694.9,4.7S492.4,59,473,67.3z\"\/>\n\t<path class=\"elementor-shape-fill\" opacity=\"0.66\" d=\"M734,67.3c-45.5,0-77.2-23.2-129.1-39.1c-28.6-8.7-150.3-10.1-254,39.1 s-91.7-34.4-149.2,0C115.7,118.3,0,39.8,0,39.8V0h1000v36.5c0,0-28.2-18.5-92.1-18.5C810.2,18.1,775.7,67.3,734,67.3z\"\/>\n\t<path class=\"elementor-shape-fill\" d=\"M766.1,28.9c-200-57.5-266,65.5-395.1,19.5C242,1.8,242,5.4,184.8,20.6C128,35.8,132.3,44.9,89.9,52.5C28.6,63.7,0,0,0,0 h1000c0,0-9.9,40.9-83.6,48.1S829.6,47,766.1,28.9z\"\/>\n<\/svg>\t\t<\/div>\n\t\t\t\t\t<div class=\"elementor-container elementor-column-gap-default\">\n\t\t\t\t\t<div class=\"elementor-column elementor-col-100 elementor-top-column elementor-element elementor-element-fbcafa6\" data-id=\"fbcafa6\" data-element_type=\"column\">\n\t\t\t<div class=\"elementor-widget-wrap elementor-element-populated\">\n\t\t\t\t\t\t<section class=\"elementor-section elementor-inner-section elementor-element elementor-element-93e1437 elementor-section-boxed elementor-section-height-default elementor-section-height-default\" data-id=\"93e1437\" data-element_type=\"section\" data-settings=\"{&quot;background_background&quot;:&quot;classic&quot;}\">\n\t\t\t\t\t\t<div class=\"elementor-container elementor-column-gap-default\">\n\t\t\t\t\t<div class=\"elementor-column elementor-col-100 elementor-inner-column elementor-element elementor-element-771b91c\" data-id=\"771b91c\" data-element_type=\"column\">\n\t\t\t<div class=\"elementor-widget-wrap elementor-element-populated\">\n\t\t\t\t\t\t<div class=\"elementor-element elementor-element-270b397 elementor-blockquote--skin-quotation elementor-blockquote--align-center elementor-widget elementor-widget-blockquote\" data-id=\"270b397\" data-element_type=\"widget\" data-widget_type=\"blockquote.default\">\n\t\t\t\t<div class=\"elementor-widget-container\">\n\t\t\t\t\t\t\t<blockquote class=\"elementor-blockquote\">\n\t\t\t<p class=\"elementor-blockquote__content\">\n\t\t\t\tL\u00e0 o\u00f9 se trouve tes pieds commence le voyage\n\t\t\t<\/p>\n\t\t\t\t\t\t\t<div class=\"e-q-footer\">\n\t\t\t\t\t\t\t\t\t\t\t<cite class=\"elementor-blockquote__author\">Rabelais<\/cite>\n\t\t\t\t\t\t\t\t\t\t\t\t\t\t<\/div>\n\t\t\t\t\t<\/blockquote>\n\t\t\t\t\t\t<\/div>\n\t\t\t\t<\/div>\n\t\t\t\t\t<\/div>\n\t\t<\/div>\n\t\t\t\t\t<\/div>\n\t\t<\/section>\n\t\t\t\t\t<\/div>\n\t\t<\/div>\n\t\t\t\t\t<\/div>\n\t\t<\/section>\n\t\t\t\t<section class=\"elementor-section elementor-top-section elementor-element elementor-element-1a9d4dc elementor-section-boxed elementor-section-height-default elementor-section-height-default elementor-invisible\" data-id=\"1a9d4dc\" data-element_type=\"section\" data-settings=\"{&quot;animation&quot;:&quot;fadeIn&quot;}\">\n\t\t\t\t\t\t<div class=\"elementor-container elementor-column-gap-default\">\n\t\t\t\t\t<div class=\"elementor-column elementor-col-50 elementor-top-column elementor-element elementor-element-8ee18d2\" data-id=\"8ee18d2\" data-element_type=\"column\">\n\t\t\t<div class=\"elementor-widget-wrap elementor-element-populated\">\n\t\t\t\t\t\t<div class=\"elementor-element elementor-element-2b5bfb7 elementor-mobile-align-center elementor-widget elementor-widget-button\" data-id=\"2b5bfb7\" data-element_type=\"widget\" data-widget_type=\"button.default\">\n\t\t\t\t<div class=\"elementor-widget-container\">\n\t\t\t\t\t\t\t\t\t<div class=\"elementor-button-wrapper\">\n\t\t\t\t\t<a class=\"elementor-button elementor-button-link elementor-size-xs elementor-animation-shrink\" href=\"https:\/\/soniabeal.fr\/le-biomagnetisme-par-paire-daimants\/\">\n\t\t\t\t\t\t<span class=\"elementor-button-content-wrapper\">\n\t\t\t\t\t\t<span class=\"elementor-button-icon\">\n\t\t\t\t<i aria-hidden=\"true\" class=\"icon icon-left-arrows\"><\/i>\t\t\t<\/span>\n\t\t\t\t\t\t\t\t\t<span class=\"elementor-button-text\">BIOMAGNETISME<\/span>\n\t\t\t\t\t<\/span>\n\t\t\t\t\t<\/a>\n\t\t\t\t<\/div>\n\t\t\t\t\t\t\t\t<\/div>\n\t\t\t\t<\/div>\n\t\t\t\t\t<\/div>\n\t\t<\/div>\n\t\t\t\t<div class=\"elementor-column elementor-col-50 elementor-top-column elementor-element elementor-element-affb021\" data-id=\"affb021\" data-element_type=\"column\">\n\t\t\t<div class=\"elementor-widget-wrap elementor-element-populated\">\n\t\t\t\t\t\t<div class=\"elementor-element elementor-element-8b70881 elementor-align-right elementor-mobile-align-center elementor-widget elementor-widget-button\" data-id=\"8b70881\" data-element_type=\"widget\" data-widget_type=\"button.default\">\n\t\t\t\t<div class=\"elementor-widget-container\">\n\t\t\t\t\t\t\t\t\t<div class=\"elementor-button-wrapper\">\n\t\t\t\t\t<a class=\"elementor-button elementor-button-link elementor-size-xs elementor-animation-shrink\" href=\"https:\/\/soniabeal.fr\/entretien-bilan-naturopathie-et-iridologie\/\">\n\t\t\t\t\t\t<span class=\"elementor-button-content-wrapper\">\n\t\t\t\t\t\t<span class=\"elementor-button-icon\">\n\t\t\t\t<i aria-hidden=\"true\" class=\"icon icon-right-arrow1\"><\/i>\t\t\t<\/span>\n\t\t\t\t\t\t\t\t\t<span class=\"elementor-button-text\">NATUROPATHIE ET IRIDOLOGIE<\/span>\n\t\t\t\t\t<\/span>\n\t\t\t\t\t<\/a>\n\t\t\t\t<\/div>\n\t\t\t\t\t\t\t\t<\/div>\n\t\t\t\t<\/div>\n\t\t\t\t\t<\/div>\n\t\t<\/div>\n\t\t\t\t\t<\/div>\n\t\t<\/section>\n\t\t\t\t<section class=\"elementor-section elementor-top-section elementor-element elementor-element-7489c3f elementor-section-boxed elementor-section-height-default elementor-section-height-default\" data-id=\"7489c3f\" data-element_type=\"section\">\n\t\t\t\t\t\t<div class=\"elementor-container elementor-column-gap-default\">\n\t\t\t\t\t<div class=\"elementor-column elementor-col-100 elementor-top-column elementor-element elementor-element-6a1cc8b\" data-id=\"6a1cc8b\" data-element_type=\"column\">\n\t\t\t<div class=\"elementor-widget-wrap elementor-element-populated\">\n\t\t\t\t\t\t<div class=\"elementor-element elementor-element-45f3048 elementor-widget elementor-widget-spacer\" data-id=\"45f3048\" data-element_type=\"widget\" data-widget_type=\"spacer.default\">\n\t\t\t\t<div class=\"elementor-widget-container\">\n\t\t\t\t\t\t\t<div class=\"elementor-spacer\">\n\t\t\t<div class=\"elementor-spacer-inner\"><\/div>\n\t\t<\/div>\n\t\t\t\t\t\t<\/div>\n\t\t\t\t<\/div>\n\t\t\t\t\t<\/div>\n\t\t<\/div>\n\t\t\t\t\t<\/div>\n\t\t<\/section>\n\t\t\t\t<\/div>\n\t\t","protected":false},"excerpt":{"rendered":"<p>Autres Intervention en entreprise ou pharmacie\u00a0: demande de devis\u00a0 Bons cadeaux\u00a0: Offrez un moment de d\u00e9tente et d\u2019\u00e9vasion Me contacter L\u00e0 o\u00f9 se trouve tes pieds commence le voyage Rabelais BIOMAGNETISME NATUROPATHIE ET IRIDOLOGIE<\/p>\n","protected":false},"author":1,"featured_media":0,"parent":0,"menu_order":0,"comment_status":"closed","ping_status":"closed","template":"","meta":{"footnotes":""},"class_list":["post-1707","page","type-page","status-publish","hentry"],"yoast_head":"<!-- This site is optimized with the Yoast SEO plugin v26.0 - https:\/\/yoast.com\/wordpress\/plugins\/seo\/ -->\n<title>Autres -<\/title>\n<meta name=\"robots\" content=\"index, follow, max-snippet:-1, max-image-preview:large, max-video-preview:-1\" \/>\n<link rel=\"canonical\" href=\"https:\/\/beal-sonia.fr\/?page_id=1707\" \/>\n<meta property=\"og:locale\" content=\"fr_FR\" \/>\n<meta property=\"og:type\" content=\"article\" \/>\n<meta property=\"og:title\" content=\"Autres -\" \/>\n<meta property=\"og:description\" content=\"Autres Intervention en entreprise ou pharmacie\u00a0: demande de devis\u00a0 Bons cadeaux\u00a0: Offrez un moment de d\u00e9tente et d\u2019\u00e9vasion Me contacter L\u00e0 o\u00f9 se trouve tes pieds commence le voyage Rabelais BIOMAGNETISME NATUROPATHIE ET IRIDOLOGIE\" \/>\n<meta property=\"og:url\" content=\"https:\/\/beal-sonia.fr\/?page_id=1707\" \/>\n<meta property=\"article:modified_time\" content=\"2025-12-14T19:56:58+00:00\" \/>\n<meta property=\"og:image\" content=\"https:\/\/beal-sonia.fr\/wp-content\/uploads\/2025\/10\/naturopthie-copie-1024x576.jpg\" \/>\n<meta name=\"twitter:card\" content=\"summary_large_image\" \/>\n<meta name=\"twitter:label1\" content=\"Dur\u00e9e de lecture estim\u00e9e\" \/>\n\t<meta name=\"twitter:data1\" content=\"1 minute\" \/>\n<script type=\"application\/ld+json\" class=\"yoast-schema-graph\">{\"@context\":\"https:\/\/schema.org\",\"@graph\":[{\"@type\":\"WebPage\",\"@id\":\"https:\/\/beal-sonia.fr\/?page_id=1707\",\"url\":\"https:\/\/beal-sonia.fr\/?page_id=1707\",\"name\":\"Autres -\",\"isPartOf\":{\"@id\":\"https:\/\/beal-sonia.fr\/#website\"},\"primaryImageOfPage\":{\"@id\":\"https:\/\/beal-sonia.fr\/?page_id=1707#primaryimage\"},\"image\":{\"@id\":\"https:\/\/beal-sonia.fr\/?page_id=1707#primaryimage\"},\"thumbnailUrl\":\"https:\/\/beal-sonia.fr\/wp-content\/uploads\/2025\/10\/naturopthie-copie-1024x576.jpg\",\"datePublished\":\"2022-01-14T16:39:52+00:00\",\"dateModified\":\"2025-12-14T19:56:58+00:00\",\"breadcrumb\":{\"@id\":\"https:\/\/beal-sonia.fr\/?page_id=1707#breadcrumb\"},\"inLanguage\":\"fr-FR\",\"potentialAction\":[{\"@type\":\"ReadAction\",\"target\":[\"https:\/\/beal-sonia.fr\/?page_id=1707\"]}]},{\"@type\":\"ImageObject\",\"inLanguage\":\"fr-FR\",\"@id\":\"https:\/\/beal-sonia.fr\/?page_id=1707#primaryimage\",\"url\":\"https:\/\/beal-sonia.fr\/wp-content\/uploads\/2025\/10\/naturopthie-copie.jpg\",\"contentUrl\":\"https:\/\/beal-sonia.fr\/wp-content\/uploads\/2025\/10\/naturopthie-copie.jpg\",\"width\":1366,\"height\":768},{\"@type\":\"BreadcrumbList\",\"@id\":\"https:\/\/beal-sonia.fr\/?page_id=1707#breadcrumb\",\"itemListElement\":[{\"@type\":\"ListItem\",\"position\":1,\"name\":\"Accueil\",\"item\":\"https:\/\/beal-sonia.fr\/\"},{\"@type\":\"ListItem\",\"position\":2,\"name\":\"Autres\"}]},{\"@type\":\"WebSite\",\"@id\":\"https:\/\/beal-sonia.fr\/#website\",\"url\":\"https:\/\/beal-sonia.fr\/\",\"name\":\"\",\"description\":\"Naturopathe \u00e0 Monsitrol-sur-Loire\",\"potentialAction\":[{\"@type\":\"SearchAction\",\"target\":{\"@type\":\"EntryPoint\",\"urlTemplate\":\"https:\/\/beal-sonia.fr\/?s={search_term_string}\"},\"query-input\":{\"@type\":\"PropertyValueSpecification\",\"valueRequired\":true,\"valueName\":\"search_term_string\"}}],\"inLanguage\":\"fr-FR\"}]}<\/script>\n<!-- \/ Yoast SEO plugin. -->","yoast_head_json":{"title":"Autres -","robots":{"index":"index","follow":"follow","max-snippet":"max-snippet:-1","max-image-preview":"max-image-preview:large","max-video-preview":"max-video-preview:-1"},"canonical":"https:\/\/beal-sonia.fr\/?page_id=1707","og_locale":"fr_FR","og_type":"article","og_title":"Autres -","og_description":"Autres Intervention en entreprise ou pharmacie\u00a0: demande de devis\u00a0 Bons cadeaux\u00a0: Offrez un moment de d\u00e9tente et d\u2019\u00e9vasion Me contacter L\u00e0 o\u00f9 se trouve tes pieds commence le voyage Rabelais BIOMAGNETISME NATUROPATHIE ET IRIDOLOGIE","og_url":"https:\/\/beal-sonia.fr\/?page_id=1707","article_modified_time":"2025-12-14T19:56:58+00:00","og_image":[{"url":"https:\/\/beal-sonia.fr\/wp-content\/uploads\/2025\/10\/naturopthie-copie-1024x576.jpg","type":"","width":"","height":""}],"twitter_card":"summary_large_image","twitter_misc":{"Dur\u00e9e de lecture estim\u00e9e":"1 minute"},"schema":{"@context":"https:\/\/schema.org","@graph":[{"@type":"WebPage","@id":"https:\/\/beal-sonia.fr\/?page_id=1707","url":"https:\/\/beal-sonia.fr\/?page_id=1707","name":"Autres -","isPartOf":{"@id":"https:\/\/beal-sonia.fr\/#website"},"primaryImageOfPage":{"@id":"https:\/\/beal-sonia.fr\/?page_id=1707#primaryimage"},"image":{"@id":"https:\/\/beal-sonia.fr\/?page_id=1707#primaryimage"},"thumbnailUrl":"https:\/\/beal-sonia.fr\/wp-content\/uploads\/2025\/10\/naturopthie-copie-1024x576.jpg","datePublished":"2022-01-14T16:39:52+00:00","dateModified":"2025-12-14T19:56:58+00:00","breadcrumb":{"@id":"https:\/\/beal-sonia.fr\/?page_id=1707#breadcrumb"},"inLanguage":"fr-FR","potentialAction":[{"@type":"ReadAction","target":["https:\/\/beal-sonia.fr\/?page_id=1707"]}]},{"@type":"ImageObject","inLanguage":"fr-FR","@id":"https:\/\/beal-sonia.fr\/?page_id=1707#primaryimage","url":"https:\/\/beal-sonia.fr\/wp-content\/uploads\/2025\/10\/naturopthie-copie.jpg","contentUrl":"https:\/\/beal-sonia.fr\/wp-content\/uploads\/2025\/10\/naturopthie-copie.jpg","width":1366,"height":768},{"@type":"BreadcrumbList","@id":"https:\/\/beal-sonia.fr\/?page_id=1707#breadcrumb","itemListElement":[{"@type":"ListItem","position":1,"name":"Accueil","item":"https:\/\/beal-sonia.fr\/"},{"@type":"ListItem","position":2,"name":"Autres"}]},{"@type":"WebSite","@id":"https:\/\/beal-sonia.fr\/#website","url":"https:\/\/beal-sonia.fr\/","name":"","description":"Naturopathe \u00e0 Monsitrol-sur-Loire","potentialAction":[{"@type":"SearchAction","target":{"@type":"EntryPoint","urlTemplate":"https:\/\/beal-sonia.fr\/?s={search_term_string}"},"query-input":{"@type":"PropertyValueSpecification","valueRequired":true,"valueName":"search_term_string"}}],"inLanguage":"fr-FR"}]}},"_links":{"self":[{"href":"https:\/\/beal-sonia.fr\/index.php?rest_route=\/wp\/v2\/pages\/1707","targetHints":{"allow":["GET"]}}],"collection":[{"href":"https:\/\/beal-sonia.fr\/index.php?rest_route=\/wp\/v2\/pages"}],"about":[{"href":"https:\/\/beal-sonia.fr\/index.php?rest_route=\/wp\/v2\/types\/page"}],"author":[{"embeddable":true,"href":"https:\/\/beal-sonia.fr\/index.php?rest_route=\/wp\/v2\/users\/1"}],"replies":[{"embeddable":true,"href":"https:\/\/beal-sonia.fr\/index.php?rest_route=%2Fwp%2Fv2%2Fcomments&post=1707"}],"version-history":[{"count":41,"href":"https:\/\/beal-sonia.fr\/index.php?rest_route=\/wp\/v2\/pages\/1707\/revisions"}],"predecessor-version":[{"id":2528,"href":"https:\/\/beal-sonia.fr\/index.php?rest_route=\/wp\/v2\/pages\/1707\/revisions\/2528"}],"wp:attachment":[{"href":"https:\/\/beal-sonia.fr\/index.php?rest_route=%2Fwp%2Fv2%2Fmedia&parent=1707"}],"curies":[{"name":"wp","href":"https:\/\/api.w.org\/{rel}","templated":true}]}}