{"id":67,"date":"2021-11-17T22:11:46","date_gmt":"2021-11-17T21:11:46","guid":{"rendered":"https:\/\/soniabeal.fr\/acceuil\/?page_id=67"},"modified":"2026-01-22T14:40:59","modified_gmt":"2026-01-22T13:40:59","slug":"a-propos","status":"publish","type":"page","link":"https:\/\/beal-sonia.fr\/?page_id=67","title":{"rendered":"\u00c1 propos"},"content":{"rendered":"\t\t<div data-elementor-type=\"wp-page\" data-elementor-id=\"67\" class=\"elementor elementor-67\" data-elementor-post-type=\"page\">\n\t\t\t\t\t\t<section class=\"elementor-section elementor-top-section elementor-element elementor-element-b8cb65e elementor-section-content-top elementor-section-stretched elementor-section-boxed elementor-section-height-default elementor-section-height-default\" data-id=\"b8cb65e\" data-element_type=\"section\" data-settings=\"{&quot;background_background&quot;:&quot;classic&quot;,&quot;stretch_section&quot;:&quot;section-stretched&quot;,&quot;background_motion_fx_motion_fx_scrolling&quot;:&quot;yes&quot;,&quot;background_motion_fx_translateY_effect&quot;:&quot;yes&quot;,&quot;background_motion_fx_translateY_direction&quot;:&quot;negative&quot;,&quot;background_motion_fx_translateY_speed&quot;:{&quot;unit&quot;:&quot;px&quot;,&quot;size&quot;:4,&quot;sizes&quot;:[]},&quot;background_motion_fx_translateY_affectedRange&quot;:{&quot;unit&quot;:&quot;%&quot;,&quot;size&quot;:&quot;&quot;,&quot;sizes&quot;:{&quot;start&quot;:0,&quot;end&quot;:100}},&quot;background_motion_fx_devices&quot;:[&quot;desktop&quot;,&quot;tablet&quot;,&quot;mobile&quot;]}\">\n\t\t\t\t\t\t<div class=\"elementor-container elementor-column-gap-default\">\n\t\t\t\t\t<div class=\"elementor-column elementor-col-50 elementor-top-column elementor-element elementor-element-d59d8db\" data-id=\"d59d8db\" data-element_type=\"column\">\n\t\t\t<div class=\"elementor-widget-wrap elementor-element-populated\">\n\t\t\t\t\t\t<div class=\"elementor-element elementor-element-d15163e elementor-widget elementor-widget-spacer\" data-id=\"d15163e\" data-element_type=\"widget\" data-widget_type=\"spacer.default\">\n\t\t\t\t<div class=\"elementor-widget-container\">\n\t\t\t\t\t\t\t<div class=\"elementor-spacer\">\n\t\t\t<div class=\"elementor-spacer-inner\"><\/div>\n\t\t<\/div>\n\t\t\t\t\t\t<\/div>\n\t\t\t\t<\/div>\n\t\t\t\t<div class=\"elementor-element elementor-element-6989629 elementor-invisible elementor-widget elementor-widget-image\" data-id=\"6989629\" data-element_type=\"widget\" data-settings=\"{&quot;_animation&quot;:&quot;fadeInUp&quot;}\" data-widget_type=\"image.default\">\n\t\t\t\t<div class=\"elementor-widget-container\">\n\t\t\t\t\t\t\t\t\t\t\t\t\t\t\t<img fetchpriority=\"high\" decoding=\"async\" width=\"985\" height=\"762\" src=\"https:\/\/beal-sonia.fr\/wp-content\/uploads\/2025\/09\/Sonia.jpg\" class=\"attachment-full size-full wp-image-2090\" alt=\"photo beal-sonia.fr\" srcset=\"https:\/\/beal-sonia.fr\/wp-content\/uploads\/2025\/09\/Sonia.jpg 985w, https:\/\/beal-sonia.fr\/wp-content\/uploads\/2025\/09\/Sonia-300x232.jpg 300w, https:\/\/beal-sonia.fr\/wp-content\/uploads\/2025\/09\/Sonia-768x594.jpg 768w\" sizes=\"(max-width: 985px) 100vw, 985px\" \/>\t\t\t\t\t\t\t\t\t\t\t\t\t\t\t<\/div>\n\t\t\t\t<\/div>\n\t\t\t\t<div class=\"elementor-element elementor-element-d06fbc6 elementor-widget elementor-widget-spacer\" data-id=\"d06fbc6\" data-element_type=\"widget\" data-widget_type=\"spacer.default\">\n\t\t\t\t<div class=\"elementor-widget-container\">\n\t\t\t\t\t\t\t<div class=\"elementor-spacer\">\n\t\t\t<div class=\"elementor-spacer-inner\"><\/div>\n\t\t<\/div>\n\t\t\t\t\t\t<\/div>\n\t\t\t\t<\/div>\n\t\t\t\t<div class=\"elementor-element elementor-element-0056f3a elementor-widget elementor-widget-spacer\" data-id=\"0056f3a\" data-element_type=\"widget\" data-widget_type=\"spacer.default\">\n\t\t\t\t<div class=\"elementor-widget-container\">\n\t\t\t\t\t\t\t<div class=\"elementor-spacer\">\n\t\t\t<div class=\"elementor-spacer-inner\"><\/div>\n\t\t<\/div>\n\t\t\t\t\t\t<\/div>\n\t\t\t\t<\/div>\n\t\t\t\t\t<\/div>\n\t\t<\/div>\n\t\t\t\t<div class=\"elementor-column elementor-col-50 elementor-top-column elementor-element elementor-element-ff40650\" data-id=\"ff40650\" data-element_type=\"column\">\n\t\t\t<div class=\"elementor-widget-wrap elementor-element-populated\">\n\t\t\t\t\t\t<div class=\"elementor-element elementor-element-65e4980 elementor-widget elementor-widget-spacer\" data-id=\"65e4980\" data-element_type=\"widget\" data-widget_type=\"spacer.default\">\n\t\t\t\t<div class=\"elementor-widget-container\">\n\t\t\t\t\t\t\t<div class=\"elementor-spacer\">\n\t\t\t<div class=\"elementor-spacer-inner\"><\/div>\n\t\t<\/div>\n\t\t\t\t\t\t<\/div>\n\t\t\t\t<\/div>\n\t\t\t\t<div class=\"elementor-element elementor-element-bcfe83c elementor-widget elementor-widget-heading\" data-id=\"bcfe83c\" data-element_type=\"widget\" data-widget_type=\"heading.default\">\n\t\t\t\t<div class=\"elementor-widget-container\">\n\t\t\t\t\t<h2 class=\"elementor-heading-title elementor-size-default\">Sonia Beal<\/h2>\t\t\t\t<\/div>\n\t\t\t\t<\/div>\n\t\t\t\t<div class=\"elementor-element elementor-element-5edf8ca elementor-widget elementor-widget-text-editor\" data-id=\"5edf8ca\" data-element_type=\"widget\" data-widget_type=\"text-editor.default\">\n\t\t\t\t<div class=\"elementor-widget-container\">\n\t\t\t\t\t\t\t\t\t<p>\u00a0<\/p><p class=\"font_9\"><span class=\"color_15\">Ma nature curieuse, m&rsquo;incite \u00e0 enqu\u00eater, sur les richesses de dame nature.<\/span><\/p><p class=\"font_9\"><span class=\"color_15\">Apr\u00e8s plusieurs ann\u00e9es en officine, comme pr\u00e9paratrice en pharmacie, j&rsquo;ai eu \u00e0 c\u0153ur d&rsquo;enrichir mon parcours professionnel. <\/span><\/p><p class=\"font_9\"><span class=\"color_15\">Etant une personne investie, il me manquait des cl\u00e9s pour comprendre l&rsquo;origine, le d\u00e9roulement de certaines maladies. Tout naturellement je me suis orient\u00e9e sur la naturopathie, qui gr\u00e2ce \u00e0 son approche r\u00e9pond souvent \u00e0 mes questionnements. Reconnue par <a href=\"https:\/\/www.omnes.fr\/page\/632267-praticiens-naturopathe-omnes\">l&rsquo;OMNES<\/a> j&rsquo;ai d\u00e9cid\u00e9 d&rsquo;ouvrir mon cabinet en tant que naturopathe \u00e0 <strong>Monistrol-sur-Loire<\/strong>.\u00a0<\/span><\/p><p>\u00a0<\/p>\t\t\t\t\t\t\t\t<\/div>\n\t\t\t\t<\/div>\n\t\t\t\t\t<\/div>\n\t\t<\/div>\n\t\t\t\t\t<\/div>\n\t\t<\/section>\n\t\t<div class=\"elementor-element elementor-element-6d687d8 e-flex e-con-boxed e-con e-parent\" data-id=\"6d687d8\" data-element_type=\"container\" data-settings=\"{&quot;background_background&quot;:&quot;classic&quot;,&quot;background_motion_fx_motion_fx_scrolling&quot;:&quot;yes&quot;,&quot;background_motion_fx_translateY_effect&quot;:&quot;yes&quot;,&quot;background_motion_fx_translateY_speed&quot;:{&quot;unit&quot;:&quot;px&quot;,&quot;size&quot;:4,&quot;sizes&quot;:[]},&quot;background_motion_fx_translateY_affectedRange&quot;:{&quot;unit&quot;:&quot;%&quot;,&quot;size&quot;:&quot;&quot;,&quot;sizes&quot;:{&quot;start&quot;:0,&quot;end&quot;:100}},&quot;background_motion_fx_devices&quot;:[&quot;desktop&quot;,&quot;tablet&quot;,&quot;mobile&quot;]}\">\n\t\t\t\t\t<div class=\"e-con-inner\">\n\t\t\t\t<div class=\"elementor-element elementor-element-2201685 elementor-widget elementor-widget-spacer\" data-id=\"2201685\" data-element_type=\"widget\" data-widget_type=\"spacer.default\">\n\t\t\t\t<div class=\"elementor-widget-container\">\n\t\t\t\t\t\t\t<div class=\"elementor-spacer\">\n\t\t\t<div class=\"elementor-spacer-inner\"><\/div>\n\t\t<\/div>\n\t\t\t\t\t\t<\/div>\n\t\t\t\t<\/div>\n\t\t\t\t<div class=\"elementor-element elementor-element-bd435ea elementor-widget elementor-widget-heading\" data-id=\"bd435ea\" data-element_type=\"widget\" data-widget_type=\"heading.default\">\n\t\t\t\t<div class=\"elementor-widget-container\">\n\t\t\t\t\t<h2 class=\"elementor-heading-title elementor-size-default\">Mes dipl\u00f4mes<\/h2>\t\t\t\t<\/div>\n\t\t\t\t<\/div>\n\t\t\t\t<div class=\"elementor-element elementor-element-04eaa85 elementor-widget elementor-widget-image\" data-id=\"04eaa85\" data-element_type=\"widget\" data-widget_type=\"image.default\">\n\t\t\t\t<div class=\"elementor-widget-container\">\n\t\t\t\t\t\t\t\t\t\t\t\t\t\t\t<img decoding=\"async\" width=\"800\" height=\"640\" src=\"https:\/\/beal-sonia.fr\/wp-content\/uploads\/2026\/01\/dilpome-1.svg\" class=\"attachment-large size-large wp-image-2587\" alt=\"\" \/>\t\t\t\t\t\t\t\t\t\t\t\t\t\t\t<\/div>\n\t\t\t\t<\/div>\n\t\t\t\t<div class=\"elementor-element elementor-element-9c5e391 elementor-align-center elementor-widget elementor-widget-button\" data-id=\"9c5e391\" data-element_type=\"widget\" data-widget_type=\"button.default\">\n\t\t\t\t<div class=\"elementor-widget-container\">\n\t\t\t\t\t\t\t\t\t<div class=\"elementor-button-wrapper\">\n\t\t\t\t\t<a class=\"elementor-button elementor-button-link elementor-size-sm elementor-animation-shrink\" href=\"https:\/\/www.aemn.org\/formation-naturopathe\/\" target=\"_blank\">\n\t\t\t\t\t\t<span class=\"elementor-button-content-wrapper\">\n\t\t\t\t\t\t\t\t\t<span class=\"elementor-button-text\">Voir la formation<\/span>\n\t\t\t\t\t<\/span>\n\t\t\t\t\t<\/a>\n\t\t\t\t<\/div>\n\t\t\t\t\t\t\t\t<\/div>\n\t\t\t\t<\/div>\n\t\t\t\t<div class=\"elementor-element elementor-element-2aabe32 elementor-widget elementor-widget-spacer\" data-id=\"2aabe32\" data-element_type=\"widget\" data-widget_type=\"spacer.default\">\n\t\t\t\t<div class=\"elementor-widget-container\">\n\t\t\t\t\t\t\t<div class=\"elementor-spacer\">\n\t\t\t<div class=\"elementor-spacer-inner\"><\/div>\n\t\t<\/div>\n\t\t\t\t\t\t<\/div>\n\t\t\t\t<\/div>\n\t\t\t\t\t<\/div>\n\t\t\t\t<\/div>\n\t\t\t\t<section class=\"elementor-section elementor-top-section elementor-element elementor-element-c16d068 elementor-section-stretched elementor-section-boxed elementor-section-height-default elementor-section-height-default\" data-id=\"c16d068\" data-element_type=\"section\" data-settings=\"{&quot;background_background&quot;:&quot;classic&quot;,&quot;stretch_section&quot;:&quot;section-stretched&quot;}\">\n\t\t\t\t\t\t<div class=\"elementor-container elementor-column-gap-default\">\n\t\t\t\t\t<div class=\"elementor-column elementor-col-100 elementor-top-column elementor-element elementor-element-62ea193\" data-id=\"62ea193\" data-element_type=\"column\">\n\t\t\t<div class=\"elementor-widget-wrap elementor-element-populated\">\n\t\t\t\t\t\t<div class=\"elementor-element elementor-element-17e003c elementor-widget elementor-widget-spacer\" data-id=\"17e003c\" data-element_type=\"widget\" data-widget_type=\"spacer.default\">\n\t\t\t\t<div class=\"elementor-widget-container\">\n\t\t\t\t\t\t\t<div class=\"elementor-spacer\">\n\t\t\t<div class=\"elementor-spacer-inner\"><\/div>\n\t\t<\/div>\n\t\t\t\t\t\t<\/div>\n\t\t\t\t<\/div>\n\t\t\t\t<div class=\"elementor-element elementor-element-257b5df elementor-widget elementor-widget-heading\" data-id=\"257b5df\" data-element_type=\"widget\" data-widget_type=\"heading.default\">\n\t\t\t\t<div class=\"elementor-widget-container\">\n\t\t\t\t\t<h3 class=\"elementor-heading-title elementor-size-default\">Mes adh\u00e9sions professionnelles<\/h3>\t\t\t\t<\/div>\n\t\t\t\t<\/div>\n\t\t\t\t<div class=\"elementor-element elementor-element-1ab12c2 elementor-widget elementor-widget-spacer\" data-id=\"1ab12c2\" data-element_type=\"widget\" data-widget_type=\"spacer.default\">\n\t\t\t\t<div class=\"elementor-widget-container\">\n\t\t\t\t\t\t\t<div class=\"elementor-spacer\">\n\t\t\t<div class=\"elementor-spacer-inner\"><\/div>\n\t\t<\/div>\n\t\t\t\t\t\t<\/div>\n\t\t\t\t<\/div>\n\t\t\t\t\t<\/div>\n\t\t<\/div>\n\t\t\t\t\t<\/div>\n\t\t<\/section>\n\t\t\t\t<section class=\"elementor-section elementor-top-section elementor-element elementor-element-ac75776 elementor-section-stretched elementor-section-boxed elementor-section-height-default elementor-section-height-default\" data-id=\"ac75776\" data-element_type=\"section\" data-settings=\"{&quot;background_background&quot;:&quot;classic&quot;,&quot;stretch_section&quot;:&quot;section-stretched&quot;,&quot;animation&quot;:&quot;none&quot;}\">\n\t\t\t\t\t\t<div class=\"elementor-container elementor-column-gap-default\">\n\t\t\t\t\t<div class=\"elementor-column elementor-col-50 elementor-top-column elementor-element elementor-element-e3d868c\" data-id=\"e3d868c\" data-element_type=\"column\">\n\t\t\t<div class=\"elementor-widget-wrap elementor-element-populated\">\n\t\t\t\t\t\t<div class=\"elementor-element elementor-element-9faee68 elementor-invisible elementor-widget elementor-widget-heading\" data-id=\"9faee68\" data-element_type=\"widget\" data-settings=\"{&quot;_animation&quot;:&quot;bounceInRight&quot;}\" data-widget_type=\"heading.default\">\n\t\t\t\t<div class=\"elementor-widget-container\">\n\t\t\t\t\t<p class=\"elementor-heading-title elementor-size-default\">Membre de l\u2019 OMNES Organisation de la m\u00e9decine naturelle et de l\u2019\u00e9ducation de sant\u00e9<\/p>\t\t\t\t<\/div>\n\t\t\t\t<\/div>\n\t\t\t\t\t<\/div>\n\t\t<\/div>\n\t\t\t\t<div class=\"elementor-column elementor-col-50 elementor-top-column elementor-element elementor-element-9aa38be\" data-id=\"9aa38be\" data-element_type=\"column\">\n\t\t\t<div class=\"elementor-widget-wrap elementor-element-populated\">\n\t\t\t\t\t\t<div class=\"elementor-element elementor-element-b72e766 elementor-widget elementor-widget-spacer\" data-id=\"b72e766\" data-element_type=\"widget\" data-widget_type=\"spacer.default\">\n\t\t\t\t<div class=\"elementor-widget-container\">\n\t\t\t\t\t\t\t<div class=\"elementor-spacer\">\n\t\t\t<div class=\"elementor-spacer-inner\"><\/div>\n\t\t<\/div>\n\t\t\t\t\t\t<\/div>\n\t\t\t\t<\/div>\n\t\t\t\t<div class=\"elementor-element elementor-element-f80e7d2 elementor-invisible elementor-widget elementor-widget-heading\" data-id=\"f80e7d2\" data-element_type=\"widget\" data-settings=\"{&quot;_animation&quot;:&quot;bounceInRight&quot;}\" data-widget_type=\"heading.default\">\n\t\t\t\t<div class=\"elementor-widget-container\">\n\t\t\t\t\t<p class=\"elementor-heading-title elementor-size-default\">Assur\u00e9e par AXA<\/p>\t\t\t\t<\/div>\n\t\t\t\t<\/div>\n\t\t\t\t\t<\/div>\n\t\t<\/div>\n\t\t\t\t\t<\/div>\n\t\t<\/section>\n\t\t\t\t<section class=\"elementor-section elementor-top-section elementor-element elementor-element-b7970a6 elementor-section-stretched elementor-section-boxed elementor-section-height-default elementor-section-height-default\" data-id=\"b7970a6\" data-element_type=\"section\" data-settings=\"{&quot;background_background&quot;:&quot;classic&quot;,&quot;stretch_section&quot;:&quot;section-stretched&quot;}\">\n\t\t\t\t\t\t<div class=\"elementor-container elementor-column-gap-default\">\n\t\t\t\t\t<div class=\"elementor-column elementor-col-100 elementor-top-column elementor-element elementor-element-faebcf9\" data-id=\"faebcf9\" data-element_type=\"column\">\n\t\t\t<div class=\"elementor-widget-wrap elementor-element-populated\">\n\t\t\t\t\t\t<div class=\"elementor-element elementor-element-2bf2f2c elementor-widget elementor-widget-spacer\" data-id=\"2bf2f2c\" data-element_type=\"widget\" data-widget_type=\"spacer.default\">\n\t\t\t\t<div class=\"elementor-widget-container\">\n\t\t\t\t\t\t\t<div class=\"elementor-spacer\">\n\t\t\t<div class=\"elementor-spacer-inner\"><\/div>\n\t\t<\/div>\n\t\t\t\t\t\t<\/div>\n\t\t\t\t<\/div>\n\t\t\t\t<div class=\"elementor-element elementor-element-081a8fb elementor-widget elementor-widget-heading\" data-id=\"081a8fb\" data-element_type=\"widget\" data-widget_type=\"heading.default\">\n\t\t\t\t<div class=\"elementor-widget-container\">\n\t\t\t\t\t<h3 class=\"elementor-heading-title elementor-size-default\">Bon \u00e0 savoir <\/h3>\t\t\t\t<\/div>\n\t\t\t\t<\/div>\n\t\t\t\t<div class=\"elementor-element elementor-element-55f4d4e elementor-widget elementor-widget-spacer\" data-id=\"55f4d4e\" data-element_type=\"widget\" data-widget_type=\"spacer.default\">\n\t\t\t\t<div class=\"elementor-widget-container\">\n\t\t\t\t\t\t\t<div class=\"elementor-spacer\">\n\t\t\t<div class=\"elementor-spacer-inner\"><\/div>\n\t\t<\/div>\n\t\t\t\t\t\t<\/div>\n\t\t\t\t<\/div>\n\t\t\t\t\t<\/div>\n\t\t<\/div>\n\t\t\t\t\t<\/div>\n\t\t<\/section>\n\t\t\t\t<section class=\"elementor-section elementor-top-section elementor-element elementor-element-2f442dc elementor-section-stretched elementor-section-boxed elementor-section-height-default elementor-section-height-default\" data-id=\"2f442dc\" data-element_type=\"section\" data-settings=\"{&quot;background_background&quot;:&quot;classic&quot;,&quot;stretch_section&quot;:&quot;section-stretched&quot;}\">\n\t\t\t\t\t\t<div class=\"elementor-container elementor-column-gap-default\">\n\t\t\t\t\t<div class=\"elementor-column elementor-col-100 elementor-top-column elementor-element elementor-element-ae740a4\" data-id=\"ae740a4\" data-element_type=\"column\">\n\t\t\t<div class=\"elementor-widget-wrap elementor-element-populated\">\n\t\t\t\t\t\t<div class=\"elementor-element elementor-element-ab6d057 elementor-widget elementor-widget-text-editor\" data-id=\"ab6d057\" data-element_type=\"widget\" data-widget_type=\"text-editor.default\">\n\t\t\t\t<div class=\"elementor-widget-container\">\n\t\t\t\t\t\t\t\t\t<p>En France, l\u2019absence de reconnaissance officielle du m\u00e9tier de Praticien Naturopathe ne facilite pas les choses. Il existe diff\u00e9rentes \u00e9coles priv\u00e9es dont le cursus peut varier en nombre d\u2019heure ainsi que sur le contenu de la formation. C\u2019est pourquoi, avant de prendre un rdv chez un naturopathe je vous invite \u00e0 consulter <a href=\"https:\/\/www.omnes.fr\/page\/632267-praticiens-naturopathe-omnes\">l\u2019annuaire des praticiens de l\u2019OMNES<\/a> qui garantit que le praticien \u00e0 suivi une formation de qualit\u00e9 et qu\u2019il s\u2019engage \u00e0 actualiser ses connaissances en formation continue<\/p>\t\t\t\t\t\t\t\t<\/div>\n\t\t\t\t<\/div>\n\t\t\t\t<div class=\"elementor-element elementor-element-283665e elementor-widget elementor-widget-spacer\" data-id=\"283665e\" data-element_type=\"widget\" data-widget_type=\"spacer.default\">\n\t\t\t\t<div class=\"elementor-widget-container\">\n\t\t\t\t\t\t\t<div class=\"elementor-spacer\">\n\t\t\t<div class=\"elementor-spacer-inner\"><\/div>\n\t\t<\/div>\n\t\t\t\t\t\t<\/div>\n\t\t\t\t<\/div>\n\t\t\t\t\t<\/div>\n\t\t<\/div>\n\t\t\t\t\t<\/div>\n\t\t<\/section>\n\t\t\t\t<\/div>\n\t\t","protected":false},"excerpt":{"rendered":"<p>Sonia Beal \u00a0 Ma nature curieuse, m&rsquo;incite \u00e0 enqu\u00eater, sur les richesses de dame nature. Apr\u00e8s plusieurs ann\u00e9es en officine, comme pr\u00e9paratrice en pharmacie, j&rsquo;ai eu \u00e0 c\u0153ur d&rsquo;enrichir mon parcours professionnel. Etant une personne investie, il me manquait des cl\u00e9s pour comprendre l&rsquo;origine, le d\u00e9roulement de certaines maladies. Tout naturellement je me suis orient\u00e9e [&hellip;]<\/p>\n","protected":false},"author":1,"featured_media":0,"parent":0,"menu_order":0,"comment_status":"closed","ping_status":"closed","template":"","meta":{"footnotes":""},"class_list":["post-67","page","type-page","status-publish","hentry"],"yoast_head":"<!-- This site is optimized with the Yoast SEO plugin v26.0 - https:\/\/yoast.com\/wordpress\/plugins\/seo\/ -->\n<title>Sonia Beal naturopathe \u00e0 Monistrol-sur-Loire<\/title>\n<meta name=\"description\" content=\"Je m&#039;appelle Sonia Beal, je suis naturopathe. ayant pratiqu\u00e9 pendants de nombreuses ann\u00e9es en officine, comme pr\u00e9paratrice en pharmacie [...]\" \/>\n<meta name=\"robots\" content=\"index, follow, max-snippet:-1, max-image-preview:large, max-video-preview:-1\" \/>\n<link rel=\"canonical\" href=\"https:\/\/beal-sonia.fr\/?page_id=67\" \/>\n<meta property=\"og:locale\" content=\"fr_FR\" \/>\n<meta property=\"og:type\" content=\"article\" \/>\n<meta property=\"og:title\" content=\"Sonia Beal naturopathe \u00e0 Monistrol-sur-Loire\" \/>\n<meta property=\"og:description\" content=\"Je m&#039;appelle Sonia Beal, je suis naturopathe. ayant pratiqu\u00e9 pendants de nombreuses ann\u00e9es en officine, comme pr\u00e9paratrice en pharmacie [...]\" \/>\n<meta property=\"og:url\" content=\"https:\/\/beal-sonia.fr\/?page_id=67\" \/>\n<meta property=\"article:modified_time\" content=\"2026-01-22T13:40:59+00:00\" \/>\n<meta property=\"og:image\" content=\"https:\/\/beal-sonia.fr\/wp-content\/uploads\/2025\/09\/Sonia.jpg\" \/>\n\t<meta property=\"og:image:width\" content=\"985\" \/>\n\t<meta property=\"og:image:height\" content=\"762\" \/>\n\t<meta property=\"og:image:type\" content=\"image\/jpeg\" \/>\n<meta name=\"twitter:card\" content=\"summary_large_image\" \/>\n<meta name=\"twitter:label1\" content=\"Dur\u00e9e de lecture estim\u00e9e\" \/>\n\t<meta name=\"twitter:data1\" content=\"2 minutes\" \/>\n<script type=\"application\/ld+json\" class=\"yoast-schema-graph\">{\"@context\":\"https:\/\/schema.org\",\"@graph\":[{\"@type\":\"WebPage\",\"@id\":\"https:\/\/beal-sonia.fr\/?page_id=67\",\"url\":\"https:\/\/beal-sonia.fr\/?page_id=67\",\"name\":\"Sonia Beal naturopathe \u00e0 Monistrol-sur-Loire\",\"isPartOf\":{\"@id\":\"https:\/\/beal-sonia.fr\/#website\"},\"primaryImageOfPage\":{\"@id\":\"https:\/\/beal-sonia.fr\/?page_id=67#primaryimage\"},\"image\":{\"@id\":\"https:\/\/beal-sonia.fr\/?page_id=67#primaryimage\"},\"thumbnailUrl\":\"https:\/\/beal-sonia.fr\/wp-content\/uploads\/2025\/09\/Sonia.jpg\",\"datePublished\":\"2021-11-17T21:11:46+00:00\",\"dateModified\":\"2026-01-22T13:40:59+00:00\",\"description\":\"Je m'appelle Sonia Beal, je suis naturopathe. ayant pratiqu\u00e9 pendants de nombreuses ann\u00e9es en officine, comme pr\u00e9paratrice en pharmacie [...]\",\"breadcrumb\":{\"@id\":\"https:\/\/beal-sonia.fr\/?page_id=67#breadcrumb\"},\"inLanguage\":\"fr-FR\",\"potentialAction\":[{\"@type\":\"ReadAction\",\"target\":[\"https:\/\/beal-sonia.fr\/?page_id=67\"]}]},{\"@type\":\"ImageObject\",\"inLanguage\":\"fr-FR\",\"@id\":\"https:\/\/beal-sonia.fr\/?page_id=67#primaryimage\",\"url\":\"https:\/\/beal-sonia.fr\/wp-content\/uploads\/2025\/09\/Sonia.jpg\",\"contentUrl\":\"https:\/\/beal-sonia.fr\/wp-content\/uploads\/2025\/09\/Sonia.jpg\",\"width\":985,\"height\":762,\"caption\":\"Photo beal-sonia.fr\"},{\"@type\":\"BreadcrumbList\",\"@id\":\"https:\/\/beal-sonia.fr\/?page_id=67#breadcrumb\",\"itemListElement\":[{\"@type\":\"ListItem\",\"position\":1,\"name\":\"Accueil\",\"item\":\"https:\/\/beal-sonia.fr\/\"},{\"@type\":\"ListItem\",\"position\":2,\"name\":\"\u00c1 propos\"}]},{\"@type\":\"WebSite\",\"@id\":\"https:\/\/beal-sonia.fr\/#website\",\"url\":\"https:\/\/beal-sonia.fr\/\",\"name\":\"\",\"description\":\"Naturopathe \u00e0 Monsitrol-sur-Loire\",\"potentialAction\":[{\"@type\":\"SearchAction\",\"target\":{\"@type\":\"EntryPoint\",\"urlTemplate\":\"https:\/\/beal-sonia.fr\/?s={search_term_string}\"},\"query-input\":{\"@type\":\"PropertyValueSpecification\",\"valueRequired\":true,\"valueName\":\"search_term_string\"}}],\"inLanguage\":\"fr-FR\"}]}<\/script>\n<!-- \/ Yoast SEO plugin. -->","yoast_head_json":{"title":"Sonia Beal naturopathe \u00e0 Monistrol-sur-Loire","description":"Je m'appelle Sonia Beal, je suis naturopathe. ayant pratiqu\u00e9 pendants de nombreuses ann\u00e9es en officine, comme pr\u00e9paratrice en pharmacie [...]","robots":{"index":"index","follow":"follow","max-snippet":"max-snippet:-1","max-image-preview":"max-image-preview:large","max-video-preview":"max-video-preview:-1"},"canonical":"https:\/\/beal-sonia.fr\/?page_id=67","og_locale":"fr_FR","og_type":"article","og_title":"Sonia Beal naturopathe \u00e0 Monistrol-sur-Loire","og_description":"Je m'appelle Sonia Beal, je suis naturopathe. ayant pratiqu\u00e9 pendants de nombreuses ann\u00e9es en officine, comme pr\u00e9paratrice en pharmacie [...]","og_url":"https:\/\/beal-sonia.fr\/?page_id=67","article_modified_time":"2026-01-22T13:40:59+00:00","og_image":[{"width":985,"height":762,"url":"https:\/\/beal-sonia.fr\/wp-content\/uploads\/2025\/09\/Sonia.jpg","type":"image\/jpeg"}],"twitter_card":"summary_large_image","twitter_misc":{"Dur\u00e9e de lecture estim\u00e9e":"2 minutes"},"schema":{"@context":"https:\/\/schema.org","@graph":[{"@type":"WebPage","@id":"https:\/\/beal-sonia.fr\/?page_id=67","url":"https:\/\/beal-sonia.fr\/?page_id=67","name":"Sonia Beal naturopathe \u00e0 Monistrol-sur-Loire","isPartOf":{"@id":"https:\/\/beal-sonia.fr\/#website"},"primaryImageOfPage":{"@id":"https:\/\/beal-sonia.fr\/?page_id=67#primaryimage"},"image":{"@id":"https:\/\/beal-sonia.fr\/?page_id=67#primaryimage"},"thumbnailUrl":"https:\/\/beal-sonia.fr\/wp-content\/uploads\/2025\/09\/Sonia.jpg","datePublished":"2021-11-17T21:11:46+00:00","dateModified":"2026-01-22T13:40:59+00:00","description":"Je m'appelle Sonia Beal, je suis naturopathe. ayant pratiqu\u00e9 pendants de nombreuses ann\u00e9es en officine, comme pr\u00e9paratrice en pharmacie [...]","breadcrumb":{"@id":"https:\/\/beal-sonia.fr\/?page_id=67#breadcrumb"},"inLanguage":"fr-FR","potentialAction":[{"@type":"ReadAction","target":["https:\/\/beal-sonia.fr\/?page_id=67"]}]},{"@type":"ImageObject","inLanguage":"fr-FR","@id":"https:\/\/beal-sonia.fr\/?page_id=67#primaryimage","url":"https:\/\/beal-sonia.fr\/wp-content\/uploads\/2025\/09\/Sonia.jpg","contentUrl":"https:\/\/beal-sonia.fr\/wp-content\/uploads\/2025\/09\/Sonia.jpg","width":985,"height":762,"caption":"Photo beal-sonia.fr"},{"@type":"BreadcrumbList","@id":"https:\/\/beal-sonia.fr\/?page_id=67#breadcrumb","itemListElement":[{"@type":"ListItem","position":1,"name":"Accueil","item":"https:\/\/beal-sonia.fr\/"},{"@type":"ListItem","position":2,"name":"\u00c1 propos"}]},{"@type":"WebSite","@id":"https:\/\/beal-sonia.fr\/#website","url":"https:\/\/beal-sonia.fr\/","name":"","description":"Naturopathe \u00e0 Monsitrol-sur-Loire","potentialAction":[{"@type":"SearchAction","target":{"@type":"EntryPoint","urlTemplate":"https:\/\/beal-sonia.fr\/?s={search_term_string}"},"query-input":{"@type":"PropertyValueSpecification","valueRequired":true,"valueName":"search_term_string"}}],"inLanguage":"fr-FR"}]}},"_links":{"self":[{"href":"https:\/\/beal-sonia.fr\/index.php?rest_route=\/wp\/v2\/pages\/67","targetHints":{"allow":["GET"]}}],"collection":[{"href":"https:\/\/beal-sonia.fr\/index.php?rest_route=\/wp\/v2\/pages"}],"about":[{"href":"https:\/\/beal-sonia.fr\/index.php?rest_route=\/wp\/v2\/types\/page"}],"author":[{"embeddable":true,"href":"https:\/\/beal-sonia.fr\/index.php?rest_route=\/wp\/v2\/users\/1"}],"replies":[{"embeddable":true,"href":"https:\/\/beal-sonia.fr\/index.php?rest_route=%2Fwp%2Fv2%2Fcomments&post=67"}],"version-history":[{"count":86,"href":"https:\/\/beal-sonia.fr\/index.php?rest_route=\/wp\/v2\/pages\/67\/revisions"}],"predecessor-version":[{"id":2625,"href":"https:\/\/beal-sonia.fr\/index.php?rest_route=\/wp\/v2\/pages\/67\/revisions\/2625"}],"wp:attachment":[{"href":"https:\/\/beal-sonia.fr\/index.php?rest_route=%2Fwp%2Fv2%2Fmedia&parent=67"}],"curies":[{"name":"wp","href":"https:\/\/api.w.org\/{rel}","templated":true}]}}